{"id":29,"date":"2018-12-21T12:11:36","date_gmt":"2018-12-21T11:11:36","guid":{"rendered":"http:\/\/etap-conseil.fr\/?page_id=29"},"modified":"2025-12-23T12:20:30","modified_gmt":"2025-12-23T11:20:30","slug":"nous-connaitre","status":"publish","type":"page","link":"https:\/\/etap-conseil.fr\/index.php\/nous-connaitre\/","title":{"rendered":"Nous conna\u00eetre"},"content":{"rendered":"\n<h1 class=\"wp-block-heading\">Un regard strat\u00e9gique et transversal<\/h1>\n\n\n\n<h2 class=\"wp-block-heading\">20 ans d&#8217;exp\u00e9rience au service des acteurs du d\u00e9veloppement local<\/h2>\n\n\n\n<h2 class=\"wp-block-heading\">Marine Teissier du Cros, fondatrice d&#8217;ETAP <\/h2>\n\n\n\n<div class=\"wp-block-media-text alignwide is-stacked-on-mobile\" style=\"grid-template-columns:30% auto\"><figure class=\"wp-block-media-text__media\"><img loading=\"lazy\" decoding=\"async\" width=\"774\" height=\"1024\" src=\"http:\/\/etap-conseil.fr\/wp-content\/uploads\/2025\/03\/Ma_202503-774x1024.png\" alt=\"Marine Teissier du Cros\" class=\"wp-image-578 size-full\" srcset=\"https:\/\/etap-conseil.fr\/wp-content\/uploads\/2025\/03\/Ma_202503-774x1024.png 774w, https:\/\/etap-conseil.fr\/wp-content\/uploads\/2025\/03\/Ma_202503-227x300.png 227w, https:\/\/etap-conseil.fr\/wp-content\/uploads\/2025\/03\/Ma_202503-768x1016.png 768w, https:\/\/etap-conseil.fr\/wp-content\/uploads\/2025\/03\/Ma_202503.png 1024w\" sizes=\"(max-width: 706px) 89vw, (max-width: 767px) 82vw, 740px\" \/><\/figure><div class=\"wp-block-media-text__content\">\n<p>Marine Teissier du Cros, fondatrice d&#8217;ETAP conseil, est <strong>engag\u00e9e<\/strong> <strong>depuis une vingtaine d\u2019ann\u00e9es<\/strong> dans l\u2019\u00e9mergence et le d\u00e9veloppement de projets, collectifs et individuels, impactant sur la richesse culturelle locale, les liens sociaux, les transitions \u00e9cologiques, \u00e0 diff\u00e9rentes \u00e9chelles du territoire.<\/p>\n<\/div><\/div>\n\n\n\n<p>Il lui tient \u00e0 c\u0153ur de <strong>venir en soutien des femmes et des hommes<\/strong> <strong>d\u00e9sirant se donner les moyens de devenir acteurs du dynamisme des transitions soci\u00e9tales dans leurs territoires<\/strong>. C&#8217;est pour quoi, elle a cr\u00e9\u00e9 ETAP en 2018, et met \u00e0 disposition des entrepreneurs, associations, organisations d&#8217;organisation, collectivit\u00e9s et EPCI, les comp\u00e9tences qu&#8217;elle a acquises dans l&#8217;accompagnement \u00e0 la formalisation et \u00e0 la structuration de projets, notamment collectifs, pas \u00e0 pas, de l\u2019id\u00e9e au projet, du projet \u00e0 l\u2019action\u00a0!<\/p>\n\n\n\n<p><strong>Ing\u00e9nieure<\/strong> agro\u00e9conomiste dipl\u00f4m\u00e9e de l\u2019Institut National Agronomique Paris-Grignon (<strong>INA-PG<\/strong>, aujourd&#8217;hui AgroParisTech), elle a \u00e9t\u00e9 charg\u00e9e d\u2019\u00e9tudes, coordinatrice de projets, notamment \u00e9v\u00e8nementiels, animatrice de r\u00e9seau national associatif, consultante-formatrice en <strong>d\u00e9veloppement associatif<\/strong> et en <strong>cr\u00e9ation d\u2019entreprises<\/strong>, dans les secteurs du <strong>d\u00e9veloppement agricole, \u00e9conomique et local<\/strong>, de <strong>l\u2019ESS<\/strong> et du <strong>travail social<\/strong>. <\/p>\n\n\n\n<p>Ses exp\u00e9riences lui ont apport\u00e9 une bonne connaissance des diff\u00e9rents secteurs de l&#8217;<strong>\u00e9conomie<\/strong>, des <strong>mutations<\/strong> soci\u00e9tales et territoriales en cours, notamment en <strong>milieu rural<\/strong>, ainsi que des <strong>politiques<\/strong> <strong>publiques<\/strong>, et des initiatives d\u2019<strong>innovation<\/strong> <strong>sociale<\/strong>. Elle en tire \u00e9galement de solides comp\u00e9tences en gestion de projet, en animation, en accompagnement \u00e0 la strat\u00e9gie, au mod\u00e8le \u00e9conomique, et \u00e0 l\u2019organisation. <\/p>\n\n\n\n<p class=\"has-text-align-left\">Suivez nos derni\u00e8res missions sur <a rel=\"noreferrer noopener\" aria-label=\"Linkedin (s\u2019ouvre dans un nouvel onglet)\" href=\"https:\/\/www.linkedin.com\/in\/marine-teissier-du-cros-6668aa54\/\" target=\"_blank\">Linkedin<\/a> !<\/p>\n\n\n\n<p class=\"has-text-align-right\">T\u00e9l\u00e9charger notre <a href=\"http:\/\/etap-conseil.fr\/wp-content\/uploads\/2025\/12\/TEISSIER-Marine_CV-202512_V1.pdf\" target=\"_blank\" rel=\"noreferrer noopener\">CV et r\u00e9f\u00e9rences<\/a><\/p>\n\n\n\n<div class=\"wp-block-button\"><a class=\"wp-block-button__link has-very-light-gray-color has-text-color has-background wp-element-button\" href=\"http:\/\/etap-conseil.fr\/index.php\/nos-interventions\/\" style=\"background-color:#4da300\">Des interventions sur mesure<\/a><\/div>\n","protected":false},"excerpt":{"rendered":"<p>Un regard strat\u00e9gique et transversal 20 ans d&#8217;exp\u00e9rience au service des acteurs du d\u00e9veloppement local Marine Teissier du Cros, fondatrice d&#8217;ETAP Marine Teissier du Cros, fondatrice d&#8217;ETAP conseil, est engag\u00e9e depuis une vingtaine d\u2019ann\u00e9es dans l\u2019\u00e9mergence et le d\u00e9veloppement de projets, collectifs et individuels, impactant sur la richesse culturelle locale, les liens sociaux, les transitions &hellip; <\/p>\n<p class=\"link-more\"><a href=\"https:\/\/etap-conseil.fr\/index.php\/nous-connaitre\/\" class=\"more-link\">Continue reading<span class=\"screen-reader-text\"> &#8220;Nous conna\u00eetre&#8221;<\/span><\/a><\/p>\n","protected":false},"author":1,"featured_media":0,"parent":0,"menu_order":0,"comment_status":"closed","ping_status":"closed","template":"","meta":{"footnotes":""},"_links":{"self":[{"href":"https:\/\/etap-conseil.fr\/index.php\/wp-json\/wp\/v2\/pages\/29"}],"collection":[{"href":"https:\/\/etap-conseil.fr\/index.php\/wp-json\/wp\/v2\/pages"}],"about":[{"href":"https:\/\/etap-conseil.fr\/index.php\/wp-json\/wp\/v2\/types\/page"}],"author":[{"embeddable":true,"href":"https:\/\/etap-conseil.fr\/index.php\/wp-json\/wp\/v2\/users\/1"}],"replies":[{"embeddable":true,"href":"https:\/\/etap-conseil.fr\/index.php\/wp-json\/wp\/v2\/comments?post=29"}],"version-history":[{"count":69,"href":"https:\/\/etap-conseil.fr\/index.php\/wp-json\/wp\/v2\/pages\/29\/revisions"}],"predecessor-version":[{"id":730,"href":"https:\/\/etap-conseil.fr\/index.php\/wp-json\/wp\/v2\/pages\/29\/revisions\/730"}],"wp:attachment":[{"href":"https:\/\/etap-conseil.fr\/index.php\/wp-json\/wp\/v2\/media?parent=29"}],"curies":[{"name":"wp","href":"https:\/\/api.w.org\/{rel}","templated":true}]}}