{"id":31,"date":"2018-12-21T12:11:36","date_gmt":"2018-12-21T11:11:36","guid":{"rendered":"http:\/\/etap-conseil.fr\/?page_id=31"},"modified":"2025-12-03T23:20:28","modified_gmt":"2025-12-03T22:20:28","slug":"nos-interventions","status":"publish","type":"page","link":"https:\/\/etap-conseil.fr\/index.php\/nos-interventions\/","title":{"rendered":"Des interventions sur mesure"},"content":{"rendered":"\n<h1 class=\"wp-block-heading\">Un appui pragmatique, tourn\u00e9 vers l&#8217;op\u00e9rationnalit\u00e9<\/h1>\n\n\n\n<p>Une offre adapt\u00e9e aux collectifs engag\u00e9s dans des d\u00e9marches concr\u00e8tes, en recherche d&#8217;horizontalit\u00e9 et d&#8217;impact social et culturel dans leurs territoires. <\/p>\n\n\n\n<p>Associations, Collectivit\u00e9s, Coop\u00e9ratives, GIE, &#8230; Habitants, groupe multi-acteurs&#8230;<\/p>\n\n\n\n<h2 class=\"wp-block-heading\">Accompagnement &#8211; conseil<\/h2>\n\n\n\n<p>Des parcours m\u00e9thodologiques construits sur mesure pour r\u00e9pondre aux d\u00e9fis qui se posent \u00e0 vous, et vous permettre d&#8217;agir sur :<\/p>\n\n\n\n<ul>\n<li><strong>Le (re)positionnement de votre projet au regard des \u00e9volutions de votre environnement<\/strong> : dialogue avec vos parties prenantes (consultations internes et externes), \u00e9tudes de terrain (territoire, march\u00e9, faisabilit\u00e9, satisfaction, usages&#8230;)<\/li>\n\n\n\n<li><strong>La d\u00e9finition d&#8217;une strat\u00e9gie d&#8217;action partag\u00e9e<\/strong> <strong>et prioris\u00e9e<\/strong> : activit\u00e9s, publics, impacts, moyens, alli\u00e9s, mod\u00e8le socio-\u00e9conomique,  communication, argumentaires&#8230;<\/li>\n\n\n\n<li><strong>L&#8217;organisation <\/strong>d&#8217;une <strong>gouvernance<\/strong> efficiente, agile et mobilisatrice de l&#8217;ensemble de vos richesses humaines<\/li>\n<\/ul>\n\n\n\n<p class=\"has-text-align-right\">T\u00e9l\u00e9charger notre <a href=\"http:\/\/etap-conseil.fr\/wp-content\/uploads\/2025\/12\/TEISSIER-Marine_CV-202512_V1.pdf\" target=\"_blank\" rel=\"noreferrer noopener\">CV et r\u00e9f\u00e9rences<\/a><\/p>\n\n\n\n<p class=\"has-text-align-right\"><\/p>\n\n\n\n<h2 class=\"wp-block-heading\">Form&#8217;action<\/h2>\n\n\n\n<p>Des form&#8217;actions tr\u00e8s op\u00e9rationnelles pour nourrir votre culture commune, vous permettre de prendre du recul sur votre situation et de d\u00e9gager des pistes concr\u00e8tes d&#8217;action pour :<\/p>\n\n\n\n<ul>\n<li>Consolider votre mod\u00e8le socio-\u00e9conomique ESS : voir <a href=\"http:\/\/etap-conseil.fr\/wp-content\/uploads\/2025\/12\/Bardot-Teissier-FormAction-MSE_V4_mai-25.pdf\" target=\"_blank\" rel=\"noreferrer noopener\">plaquette<\/a> &#8211; une formation d\u00e9ploy\u00e9e pour les associations d&#8217;un m\u00eame territoire ou pour les associations d&#8217;un m\u00eame r\u00e9seau (avec un effet sur la dynamique de mutualisation) &#8211; une formation s&#8217;appuyant sur notre originale  &#8220;m\u00e9thode des 8 leviers d\u00e9velopp\u00e9e par Florence Bardot et Marine Teissier du Cros&#8221; et l&#8217;intelligence collective<\/li>\n\n\n\n<li>Faire grandir la coop\u00e9ration dans vos \u00e9quipes : voir <a href=\"http:\/\/etap-conseil.fr\/wp-content\/uploads\/2025\/12\/Teissier-Marine_FormAction_COOPERATION_V1.pdf\" data-type=\"link\" data-id=\"http:\/\/etap-conseil.fr\/wp-content\/uploads\/2025\/12\/Teissier-Marine_FormAction_COOPERATION_V1.pdf\">plaquette<\/a> &#8211; une formation adapt\u00e9e soit aux acteurs d&#8217;un m\u00eame territoire amen\u00e9s \u00e0 coop\u00e9rer ensemble, soit \u00e0 une m\u00eame \u00e9quipe-projet &#8211; une formation mobilisant des modes d&#8217;apprentissages actifs par des jeux d&#8217;\u00e9ducation populaire<\/li>\n\n\n\n<li>M\u00e9thodologie de projet et diagnostic territorial &#8211; sur demande<\/li>\n<\/ul>\n\n\n\n<p>Retrouver nos prochaines sessions <a href=\"https:\/\/formation.maison-initiative.org\/membre\/marine-teissier-du-cros-consultante-formatrice\/\" target=\"_blank\" rel=\"noreferrer noopener\">ici<\/a><\/p>\n\n\n\n<p class=\"has-text-align-right\">T\u00e9l\u00e9charger notre <a href=\"http:\/\/etap-conseil.fr\/wp-content\/uploads\/2025\/12\/TEISSIER-Marine_CV-202512_V1.pdf\" target=\"_blank\" rel=\"noreferrer noopener\">CV et r\u00e9f\u00e9rences<\/a><\/p>\n\n\n\n<p class=\"has-text-align-left\">Suivez nos derni\u00e8res missions sur <a rel=\"noreferrer noopener\" aria-label=\"Linkedin (s\u2019ouvre dans un nouvel onglet)\" href=\"https:\/\/www.linkedin.com\/in\/marine-teissier-du-cros-6668aa54\/\" target=\"_blank\">Linkedin<\/a> !<\/p>\n\n\n\n<div class=\"wp-block-button\"><a class=\"wp-block-button__link has-very-light-gray-color has-text-color has-background wp-element-button\" href=\"http:\/\/etap-conseil.fr\/index.php\/references\/\" style=\"background-color:#4da300\">Cette offre est-elle pour moi ?<br><\/a><\/div>\n\n\n\n<figure class=\"wp-block-gallery aligncenter has-nested-images columns-default is-cropped wp-block-gallery-1 is-layout-flex wp-block-gallery-is-layout-flex\">\n<figure class=\"wp-block-image size-large\"><img loading=\"lazy\" decoding=\"async\" width=\"1024\" height=\"719\" data-id=\"159\" src=\"http:\/\/etap-conseil.fr\/wp-content\/uploads\/2018\/12\/BM-canvas-anonyme-V2-1024x719.png\" alt=\"\" class=\"wp-image-159\" srcset=\"https:\/\/etap-conseil.fr\/wp-content\/uploads\/2018\/12\/BM-canvas-anonyme-V2-1024x719.png 1024w, https:\/\/etap-conseil.fr\/wp-content\/uploads\/2018\/12\/BM-canvas-anonyme-V2-300x211.png 300w, https:\/\/etap-conseil.fr\/wp-content\/uploads\/2018\/12\/BM-canvas-anonyme-V2-768x539.png 768w, https:\/\/etap-conseil.fr\/wp-content\/uploads\/2018\/12\/BM-canvas-anonyme-V2.png 1097w\" sizes=\"(max-width: 706px) 89vw, (max-width: 767px) 82vw, 740px\" \/><\/figure>\n\n\n\n<figure class=\"wp-block-image size-large\"><img loading=\"lazy\" decoding=\"async\" width=\"1024\" height=\"683\" data-id=\"166\" src=\"http:\/\/etap-conseil.fr\/wp-content\/uploads\/2018\/12\/IMG_0261-1024x683.jpg\" alt=\"\" class=\"wp-image-166\" srcset=\"https:\/\/etap-conseil.fr\/wp-content\/uploads\/2018\/12\/IMG_0261-1024x683.jpg 1024w, https:\/\/etap-conseil.fr\/wp-content\/uploads\/2018\/12\/IMG_0261-300x200.jpg 300w, https:\/\/etap-conseil.fr\/wp-content\/uploads\/2018\/12\/IMG_0261-768x512.jpg 768w\" sizes=\"(max-width: 706px) 89vw, (max-width: 767px) 82vw, 740px\" \/><\/figure>\n\n\n\n<figure class=\"wp-block-image size-large\"><img loading=\"lazy\" decoding=\"async\" width=\"1024\" height=\"205\" data-id=\"600\" src=\"http:\/\/etap-conseil.fr\/wp-content\/uploads\/2025\/12\/Titre-methode-1024x205.jpg\" alt=\"\" class=\"wp-image-600\" srcset=\"https:\/\/etap-conseil.fr\/wp-content\/uploads\/2025\/12\/Titre-methode-1024x205.jpg 1024w, https:\/\/etap-conseil.fr\/wp-content\/uploads\/2025\/12\/Titre-methode-300x60.jpg 300w, https:\/\/etap-conseil.fr\/wp-content\/uploads\/2025\/12\/Titre-methode-768x154.jpg 768w, https:\/\/etap-conseil.fr\/wp-content\/uploads\/2025\/12\/Titre-methode.jpg 1475w\" sizes=\"(max-width: 706px) 89vw, (max-width: 767px) 82vw, 740px\" \/><\/figure>\n\n\n\n<figure class=\"wp-block-image size-large\"><img loading=\"lazy\" decoding=\"async\" width=\"460\" height=\"300\" data-id=\"404\" src=\"http:\/\/etap-conseil.fr\/wp-content\/uploads\/2019\/01\/Restitution-diag-ETSUP-2014.jpg\" alt=\"\" class=\"wp-image-404\" srcset=\"https:\/\/etap-conseil.fr\/wp-content\/uploads\/2019\/01\/Restitution-diag-ETSUP-2014.jpg 460w, https:\/\/etap-conseil.fr\/wp-content\/uploads\/2019\/01\/Restitution-diag-ETSUP-2014-300x196.jpg 300w\" sizes=\"(max-width: 460px) 100vw, 460px\" \/><\/figure>\n\n\n\n<figure class=\"wp-block-image size-large\"><img loading=\"lazy\" decoding=\"async\" width=\"1024\" height=\"486\" data-id=\"406\" src=\"http:\/\/etap-conseil.fr\/wp-content\/uploads\/2019\/01\/Atelier-gouvernance-OK-1024x486.png\" alt=\"\" class=\"wp-image-406\" srcset=\"https:\/\/etap-conseil.fr\/wp-content\/uploads\/2019\/01\/Atelier-gouvernance-OK-1024x486.png 1024w, https:\/\/etap-conseil.fr\/wp-content\/uploads\/2019\/01\/Atelier-gouvernance-OK-300x142.png 300w, https:\/\/etap-conseil.fr\/wp-content\/uploads\/2019\/01\/Atelier-gouvernance-OK-768x365.png 768w, https:\/\/etap-conseil.fr\/wp-content\/uploads\/2019\/01\/Atelier-gouvernance-OK.png 1169w\" sizes=\"(max-width: 706px) 89vw, (max-width: 767px) 82vw, 740px\" \/><\/figure>\n\n\n\n<figure class=\"wp-block-image size-large\"><img decoding=\"async\" data-id=\"607\" src=\"http:\/\/etap-conseil.fr\/wp-content\/uploads\/2025\/12\/IMG_20250610_135901-1024x768.jpg\" alt=\"\" class=\"wp-image-607\"\/><figcaption class=\"wp-element-caption\">Formation mod\u00e8le socio-\u00e9conomique<\/figcaption><\/figure>\n<\/figure>\n\n\n\n<div class=\"wp-block-button\"><a class=\"wp-block-button__link has-very-light-gray-color has-text-color has-background wp-element-button\" href=\"http:\/\/etap-conseil.fr\/index.php\/financements\/\" style=\"background-color:#4da300\">Comment financer nos interventions ?<br><\/a><\/div>\n","protected":false},"excerpt":{"rendered":"<p>Un appui pragmatique, tourn\u00e9 vers l&#8217;op\u00e9rationnalit\u00e9 Une offre adapt\u00e9e aux collectifs engag\u00e9s dans des d\u00e9marches concr\u00e8tes, en recherche d&#8217;horizontalit\u00e9 et d&#8217;impact social et culturel dans leurs territoires. Associations, Collectivit\u00e9s, Coop\u00e9ratives, GIE, &#8230; Habitants, groupe multi-acteurs&#8230; Accompagnement &#8211; conseil Des parcours m\u00e9thodologiques construits sur mesure pour r\u00e9pondre aux d\u00e9fis qui se posent \u00e0 vous, et vous &hellip; <\/p>\n<p class=\"link-more\"><a href=\"https:\/\/etap-conseil.fr\/index.php\/nos-interventions\/\" class=\"more-link\">Continue reading<span class=\"screen-reader-text\"> &#8220;Des interventions sur mesure&#8221;<\/span><\/a><\/p>\n","protected":false},"author":1,"featured_media":0,"parent":0,"menu_order":0,"comment_status":"closed","ping_status":"closed","template":"","meta":{"footnotes":""},"_links":{"self":[{"href":"https:\/\/etap-conseil.fr\/index.php\/wp-json\/wp\/v2\/pages\/31"}],"collection":[{"href":"https:\/\/etap-conseil.fr\/index.php\/wp-json\/wp\/v2\/pages"}],"about":[{"href":"https:\/\/etap-conseil.fr\/index.php\/wp-json\/wp\/v2\/types\/page"}],"author":[{"embeddable":true,"href":"https:\/\/etap-conseil.fr\/index.php\/wp-json\/wp\/v2\/users\/1"}],"replies":[{"embeddable":true,"href":"https:\/\/etap-conseil.fr\/index.php\/wp-json\/wp\/v2\/comments?post=31"}],"version-history":[{"count":74,"href":"https:\/\/etap-conseil.fr\/index.php\/wp-json\/wp\/v2\/pages\/31\/revisions"}],"predecessor-version":[{"id":608,"href":"https:\/\/etap-conseil.fr\/index.php\/wp-json\/wp\/v2\/pages\/31\/revisions\/608"}],"wp:attachment":[{"href":"https:\/\/etap-conseil.fr\/index.php\/wp-json\/wp\/v2\/media?parent=31"}],"curies":[{"name":"wp","href":"https:\/\/api.w.org\/{rel}","templated":true}]}}