{"id":34,"date":"2018-12-21T12:11:36","date_gmt":"2018-12-21T11:11:36","guid":{"rendered":"http:\/\/etap-conseil.fr\/?page_id=34"},"modified":"2022-08-22T10:47:55","modified_gmt":"2022-08-22T08:47:55","slug":"contact","status":"publish","type":"page","link":"https:\/\/etap-conseil.fr\/index.php\/contact\/","title":{"rendered":"Contact"},"content":{"rendered":"\n<h2 class=\"wp-block-heading\">Des questions, une demande de devis&nbsp;? <\/h2>\n\n\n\n<p>Contactez-nous pour en parler !<\/p>\n\n\n\n<p class=\"has-text-align-center\"><strong>etap.conseil@gmail.com<\/strong><\/p>\n\n\n\n<p class=\"has-text-align-center\">T\u00e9l. 06.82.41.71.03<\/p>\n\n\n\n<p class=\"has-text-align-center\">Si\u00e8ge technique en H\u00e9rault<\/p>\n\n\n<div class=\"wp-block-image\">\n<figure class=\"aligncenter\"><img loading=\"lazy\" decoding=\"async\" width=\"150\" height=\"150\" src=\"http:\/\/etap-conseil.fr\/wp-content\/uploads\/2018\/12\/ETAP-logo-blanc-150x150.jpg\" alt=\"logo ETAP\" class=\"wp-image-4\"\/><\/figure><\/div>\n\n\n<div class=\"wp-block-button aligncenter\"><a class=\"wp-block-button__link has-very-light-gray-color has-text-color has-background\" href=\"http:\/\/etap-conseil.fr\/index.php\/nous-connaitre\/\" style=\"background-color:#4da300\">Nous conna\u00eetre<br><\/a><\/div>\n","protected":false},"excerpt":{"rendered":"<p>Des questions, une demande de devis&nbsp;? Contactez-nous pour en parler ! etap.conseil@gmail.com T\u00e9l. 06.82.41.71.03 Si\u00e8ge technique en H\u00e9rault<\/p>\n","protected":false},"author":1,"featured_media":0,"parent":0,"menu_order":0,"comment_status":"closed","ping_status":"closed","template":"","meta":{"footnotes":""},"_links":{"self":[{"href":"https:\/\/etap-conseil.fr\/index.php\/wp-json\/wp\/v2\/pages\/34"}],"collection":[{"href":"https:\/\/etap-conseil.fr\/index.php\/wp-json\/wp\/v2\/pages"}],"about":[{"href":"https:\/\/etap-conseil.fr\/index.php\/wp-json\/wp\/v2\/types\/page"}],"author":[{"embeddable":true,"href":"https:\/\/etap-conseil.fr\/index.php\/wp-json\/wp\/v2\/users\/1"}],"replies":[{"embeddable":true,"href":"https:\/\/etap-conseil.fr\/index.php\/wp-json\/wp\/v2\/comments?post=34"}],"version-history":[{"count":12,"href":"https:\/\/etap-conseil.fr\/index.php\/wp-json\/wp\/v2\/pages\/34\/revisions"}],"predecessor-version":[{"id":538,"href":"https:\/\/etap-conseil.fr\/index.php\/wp-json\/wp\/v2\/pages\/34\/revisions\/538"}],"wp:attachment":[{"href":"https:\/\/etap-conseil.fr\/index.php\/wp-json\/wp\/v2\/media?parent=34"}],"curies":[{"name":"wp","href":"https:\/\/api.w.org\/{rel}","templated":true}]}}