{"id":618,"date":"2025-12-03T12:27:32","date_gmt":"2025-12-03T11:27:32","guid":{"rendered":"https:\/\/etap-conseil.fr\/?page_id=618"},"modified":"2025-12-23T12:24:07","modified_gmt":"2025-12-23T11:24:07","slug":"accompagnement-ess","status":"publish","type":"page","link":"https:\/\/etap-conseil.fr\/index.php\/accompagnement-ess\/","title":{"rendered":"Accompagnement"},"content":{"rendered":"\n<h2 class=\"wp-block-heading\">Des parcours d&#8217;accompagnement sur mesure<\/h2>\n\n\n\n<p>Apr\u00e8s \u00e9tude de vos besoins, nous vous proposons une m\u00e9thodologie, des outils et dispositifs d&#8217;intelligence collective adapt\u00e9s \u00e0 vos d\u00e9fis actuels. Nous intervenons dans une logique de transmission et d&#8217;autonomisation, ainsi que de prototypages des premiers changements.<\/p>\n\n\n\n<p>Nous intervenons pour appuyer vos d\u00e9marches vers  :<\/p>\n\n\n\n<h3 class=\"wp-block-heading\"><strong>\u00c9tudes de terrain en dialogue avec vos parties prenantes<\/strong><\/h3>\n\n\n\n<ul>\n<li>Consultations externes : besoins, satisfaction, usages, souhaits&#8230;<\/li>\n\n\n\n<li>Consultation interne : m\u00e9moire, analyse des pratiques, motivations&#8230; <\/li>\n\n\n\n<li>Diagnostic de territoire, \u00e9tude de march\u00e9, \u00e9tude de faisabilit\u00e9, &#8230;<\/li>\n\n\n\n<li>Analyse participative de r\u00e9sultats d&#8217;enqu\u00eates<\/li>\n<\/ul>\n\n\n\n<h3 class=\"wp-block-heading\"><strong><strong>La strat\u00e9gie d&#8217;action, partag\u00e9e<\/strong> <strong>et prioris\u00e9e<\/strong><\/strong><\/h3>\n\n\n\n<ul>\n<li>Intentions et impacts<\/li>\n\n\n\n<li>Activit\u00e9s et publics<\/li>\n\n\n\n<li>Partenaires et alli\u00e9s<\/li>\n\n\n\n<li>Moyens et richesses humaines<\/li>\n\n\n\n<li>Mod\u00e8le socio-\u00e9conomique<\/li>\n\n\n\n<li>Argumentaires et communication<\/li>\n<\/ul>\n\n\n\n<h3 class=\"wp-block-heading\"><strong><strong><strong>L&#8217;organisation <\/strong>de travail et la gouvernance<\/strong><\/strong><\/h3>\n\n\n\n<ul>\n<li>Piliers de la mobilisation : sens commun, savoir \u00eatre, implication<\/li>\n\n\n\n<li>Cercles, responsabilit\u00e9s, autonomie, agilit\u00e9<\/li>\n\n\n\n<li>Efficience des r\u00e9unions et d\u00e9cisions<\/li>\n\n\n\n<li>Suivi et r\u00e9gulation<\/li>\n<\/ul>\n\n\n\n<p><\/p>\n\n\n\n<p class=\"has-text-align-right\">T\u00e9l\u00e9charger notre <a href=\"http:\/\/etap-conseil.fr\/wp-content\/uploads\/2025\/12\/TEISSIER-Marine_CV-202512_V1.pdf\" target=\"_blank\" rel=\"noreferrer noopener\">CV et r\u00e9f\u00e9rences<\/a><\/p>\n\n\n\n<p>R\u00e9f\u00e9rences :<\/p>\n\n\n\n<ul>\n<li><strong><em>Alimentation durable : <\/em><\/strong><em>UGESS, VRAC, <\/em><em>EPSO 34, FADEAR, ADEAR, CIVAM, <\/em><em>March\u00e9 Paysan Millau, GIE Plante Infuse, PAT Bourg-en-Bresse, Fondation Carasso, Fondation de France<\/em>&#8230;<\/li>\n\n\n\n<li><strong><em>Innovation sociale ESS : <\/em><\/strong><em>Tiers lieux 12, \u00e9co-lieu 12, Ressourcerie Grand Pic Saint Loup, Campus de la Transition, Maison des M\u00e9tiers de l\u2019Agro-pastoralisme 48<\/em>&#8230;<\/li>\n\n\n\n<li><strong><em>Action socio-culturelle <\/em><\/strong><em>: Centre social Gutemberg-Grabels, Radio RHP, Foyers Ruraux 48, IREPS, l\u2019APPART La Bobine, IRTS Montpellier, ETSUP, Espace Emploi-Formation 12<\/em>&#8230;<\/li>\n\n\n\n<li><strong><em>Artisanat &amp; art : <\/em><\/strong><em>No Couture, Vannerie EVAV48, Lili Lenget, Capucine Briand, Abyayala Fresques Murales, artisans BTP<\/em>&#8230;<\/li>\n\n\n\n<li><strong><em>Projets de territoire<\/em><\/strong><em> :<\/em><em> Maison des S\u0153urs Vialas, PCAET Ouest Aveyron Communaut\u00e9, PLUI Aubrac-Carladez-Viad\u00e8ne, PNR Grands Causses, PNR Aubrac\u2026<\/em><\/li>\n\n\n\n<li>Plus de 200 porteurs de projets unipersonnels accompagn\u00e9s&#8230;<\/li>\n<\/ul>\n\n\n\n<figure class=\"wp-block-gallery has-nested-images columns-default is-cropped wp-block-gallery-1 is-layout-flex wp-block-gallery-is-layout-flex\">\n<figure class=\"wp-block-image size-large is-style-rounded\"><img loading=\"lazy\" decoding=\"async\" width=\"768\" height=\"1024\" data-id=\"629\" src=\"https:\/\/etap-conseil.fr\/wp-content\/uploads\/2025\/12\/20220601_120548-768x1024.jpg\" alt=\"\" class=\"wp-image-629\" srcset=\"https:\/\/etap-conseil.fr\/wp-content\/uploads\/2025\/12\/20220601_120548-768x1024.jpg 768w, https:\/\/etap-conseil.fr\/wp-content\/uploads\/2025\/12\/20220601_120548-225x300.jpg 225w, https:\/\/etap-conseil.fr\/wp-content\/uploads\/2025\/12\/20220601_120548-1152x1536.jpg 1152w, https:\/\/etap-conseil.fr\/wp-content\/uploads\/2025\/12\/20220601_120548-1536x2048.jpg 1536w, https:\/\/etap-conseil.fr\/wp-content\/uploads\/2025\/12\/20220601_120548-scaled.jpg 1920w\" sizes=\"(max-width: 706px) 89vw, (max-width: 767px) 82vw, 740px\" \/><figcaption class=\"wp-element-caption\">Cartographie d&#8217;acteurs<\/figcaption><\/figure>\n\n\n\n<figure class=\"wp-block-image size-large is-style-rounded\"><img loading=\"lazy\" decoding=\"async\" width=\"768\" height=\"1024\" data-id=\"624\" src=\"https:\/\/etap-conseil.fr\/wp-content\/uploads\/2025\/12\/20220601_112500-768x1024.jpg\" alt=\"\" class=\"wp-image-624\" srcset=\"https:\/\/etap-conseil.fr\/wp-content\/uploads\/2025\/12\/20220601_112500-768x1024.jpg 768w, https:\/\/etap-conseil.fr\/wp-content\/uploads\/2025\/12\/20220601_112500-225x300.jpg 225w, https:\/\/etap-conseil.fr\/wp-content\/uploads\/2025\/12\/20220601_112500-1152x1536.jpg 1152w, https:\/\/etap-conseil.fr\/wp-content\/uploads\/2025\/12\/20220601_112500-1536x2048.jpg 1536w, https:\/\/etap-conseil.fr\/wp-content\/uploads\/2025\/12\/20220601_112500-scaled.jpg 1920w\" sizes=\"(max-width: 706px) 89vw, (max-width: 767px) 82vw, 740px\" \/><figcaption class=\"wp-element-caption\">Analyse de contexte<\/figcaption><\/figure>\n\n\n\n<figure class=\"wp-block-image size-full is-style-rounded\"><img loading=\"lazy\" decoding=\"async\" width=\"320\" height=\"240\" data-id=\"622\" src=\"https:\/\/etap-conseil.fr\/wp-content\/uploads\/2025\/12\/UNADJUSTEDNONRAW_thumb_699d.jpeg\" alt=\"\" class=\"wp-image-622\" srcset=\"https:\/\/etap-conseil.fr\/wp-content\/uploads\/2025\/12\/UNADJUSTEDNONRAW_thumb_699d.jpeg 320w, https:\/\/etap-conseil.fr\/wp-content\/uploads\/2025\/12\/UNADJUSTEDNONRAW_thumb_699d-300x225.jpeg 300w\" sizes=\"(max-width: 320px) 100vw, 320px\" \/><figcaption class=\"wp-element-caption\">Battle &#8211; d\u00e9bat vivant<\/figcaption><\/figure>\n\n\n\n<figure class=\"wp-block-image size-large is-style-rounded\"><img loading=\"lazy\" decoding=\"async\" width=\"1024\" height=\"284\" data-id=\"611\" src=\"https:\/\/etap-conseil.fr\/wp-content\/uploads\/2025\/12\/20231123_120833-1024x284.jpg\" alt=\"Intelligence collective\" class=\"wp-image-611\" srcset=\"https:\/\/etap-conseil.fr\/wp-content\/uploads\/2025\/12\/20231123_120833-1024x284.jpg 1024w, https:\/\/etap-conseil.fr\/wp-content\/uploads\/2025\/12\/20231123_120833-300x83.jpg 300w, https:\/\/etap-conseil.fr\/wp-content\/uploads\/2025\/12\/20231123_120833-768x213.jpg 768w, https:\/\/etap-conseil.fr\/wp-content\/uploads\/2025\/12\/20231123_120833-1536x427.jpg 1536w, https:\/\/etap-conseil.fr\/wp-content\/uploads\/2025\/12\/20231123_120833-2048x569.jpg 2048w\" sizes=\"(max-width: 706px) 89vw, (max-width: 767px) 82vw, 740px\" \/><figcaption class=\"wp-element-caption\">Intelligence collective<\/figcaption><\/figure>\n\n\n\n<figure class=\"wp-block-image size-large is-style-rounded\"><img loading=\"lazy\" decoding=\"async\" width=\"1024\" height=\"695\" data-id=\"610\" src=\"https:\/\/etap-conseil.fr\/wp-content\/uploads\/2025\/12\/S1-motivations-1024x695.jpg\" alt=\"Motivations\" class=\"wp-image-610\" srcset=\"https:\/\/etap-conseil.fr\/wp-content\/uploads\/2025\/12\/S1-motivations-1024x695.jpg 1024w, https:\/\/etap-conseil.fr\/wp-content\/uploads\/2025\/12\/S1-motivations-300x204.jpg 300w, https:\/\/etap-conseil.fr\/wp-content\/uploads\/2025\/12\/S1-motivations-768x521.jpg 768w, https:\/\/etap-conseil.fr\/wp-content\/uploads\/2025\/12\/S1-motivations-1536x1043.jpg 1536w, https:\/\/etap-conseil.fr\/wp-content\/uploads\/2025\/12\/S1-motivations-2048x1390.jpg 2048w\" sizes=\"(max-width: 706px) 89vw, (max-width: 767px) 82vw, 740px\" \/><figcaption class=\"wp-element-caption\">Analyse collective apr\u00e8s consultation<\/figcaption><\/figure>\n\n\n\n<figure class=\"wp-block-image size-large is-style-rounded\"><img loading=\"lazy\" decoding=\"async\" width=\"1024\" height=\"703\" data-id=\"609\" src=\"https:\/\/etap-conseil.fr\/wp-content\/uploads\/2025\/12\/S1-valeurs-1024x703.jpg\" alt=\"Valeurs partag\u00e9es\" class=\"wp-image-609\" srcset=\"https:\/\/etap-conseil.fr\/wp-content\/uploads\/2025\/12\/S1-valeurs-1024x703.jpg 1024w, https:\/\/etap-conseil.fr\/wp-content\/uploads\/2025\/12\/S1-valeurs-300x206.jpg 300w, https:\/\/etap-conseil.fr\/wp-content\/uploads\/2025\/12\/S1-valeurs-768x527.jpg 768w, https:\/\/etap-conseil.fr\/wp-content\/uploads\/2025\/12\/S1-valeurs-1536x1054.jpg 1536w, https:\/\/etap-conseil.fr\/wp-content\/uploads\/2025\/12\/S1-valeurs-2048x1405.jpg 2048w\" sizes=\"(max-width: 706px) 89vw, (max-width: 767px) 82vw, 740px\" \/><figcaption class=\"wp-element-caption\">Sens commun<\/figcaption><\/figure>\n\n\n\n<figure class=\"wp-block-image size-large is-style-rounded\"><img loading=\"lazy\" decoding=\"async\" width=\"1024\" height=\"719\" data-id=\"159\" src=\"https:\/\/etap-conseil.fr\/wp-content\/uploads\/2018\/12\/BM-canvas-anonyme-V2-1024x719.png\" alt=\"Business mod\u00e8le\" class=\"wp-image-159\" srcset=\"https:\/\/etap-conseil.fr\/wp-content\/uploads\/2018\/12\/BM-canvas-anonyme-V2-1024x719.png 1024w, https:\/\/etap-conseil.fr\/wp-content\/uploads\/2018\/12\/BM-canvas-anonyme-V2-300x211.png 300w, https:\/\/etap-conseil.fr\/wp-content\/uploads\/2018\/12\/BM-canvas-anonyme-V2-768x539.png 768w, https:\/\/etap-conseil.fr\/wp-content\/uploads\/2018\/12\/BM-canvas-anonyme-V2.png 1097w\" sizes=\"(max-width: 706px) 89vw, (max-width: 767px) 82vw, 740px\" \/><figcaption class=\"wp-element-caption\">Business plan<\/figcaption><\/figure>\n\n\n\n<figure class=\"wp-block-image size-large is-style-rounded\"><img loading=\"lazy\" decoding=\"async\" width=\"1024\" height=\"768\" data-id=\"630\" src=\"https:\/\/etap-conseil.fr\/wp-content\/uploads\/2025\/12\/20220601_132516-1024x768.jpg\" alt=\"\" class=\"wp-image-630\" srcset=\"https:\/\/etap-conseil.fr\/wp-content\/uploads\/2025\/12\/20220601_132516-1024x768.jpg 1024w, https:\/\/etap-conseil.fr\/wp-content\/uploads\/2025\/12\/20220601_132516-300x225.jpg 300w, https:\/\/etap-conseil.fr\/wp-content\/uploads\/2025\/12\/20220601_132516-768x576.jpg 768w, https:\/\/etap-conseil.fr\/wp-content\/uploads\/2025\/12\/20220601_132516-1536x1152.jpg 1536w, https:\/\/etap-conseil.fr\/wp-content\/uploads\/2025\/12\/20220601_132516-2048x1536.jpg 2048w\" sizes=\"(max-width: 706px) 89vw, (max-width: 767px) 82vw, 740px\" \/><figcaption class=\"wp-element-caption\">Collecte de r\u00e9cits<\/figcaption><\/figure>\n\n\n\n<figure class=\"wp-block-image size-large is-style-rounded\"><img loading=\"lazy\" decoding=\"async\" width=\"1024\" height=\"768\" data-id=\"626\" src=\"https:\/\/etap-conseil.fr\/wp-content\/uploads\/2025\/12\/20220601_115416-1024x768.jpg\" alt=\"\" class=\"wp-image-626\" srcset=\"https:\/\/etap-conseil.fr\/wp-content\/uploads\/2025\/12\/20220601_115416-1024x768.jpg 1024w, https:\/\/etap-conseil.fr\/wp-content\/uploads\/2025\/12\/20220601_115416-300x225.jpg 300w, https:\/\/etap-conseil.fr\/wp-content\/uploads\/2025\/12\/20220601_115416-768x576.jpg 768w, https:\/\/etap-conseil.fr\/wp-content\/uploads\/2025\/12\/20220601_115416-1536x1152.jpg 1536w, https:\/\/etap-conseil.fr\/wp-content\/uploads\/2025\/12\/20220601_115416-2048x1536.jpg 2048w\" sizes=\"(max-width: 706px) 89vw, (max-width: 767px) 82vw, 740px\" \/><figcaption class=\"wp-element-caption\">Motivations<\/figcaption><\/figure>\n\n\n\n<figure class=\"wp-block-image size-large is-style-rounded\"><img loading=\"lazy\" decoding=\"async\" width=\"1024\" height=\"768\" data-id=\"612\" src=\"https:\/\/etap-conseil.fr\/wp-content\/uploads\/2025\/12\/20240117_091710-1024x768.jpg\" alt=\"Intelligence collective\" class=\"wp-image-612\" srcset=\"https:\/\/etap-conseil.fr\/wp-content\/uploads\/2025\/12\/20240117_091710-1024x768.jpg 1024w, https:\/\/etap-conseil.fr\/wp-content\/uploads\/2025\/12\/20240117_091710-300x225.jpg 300w, https:\/\/etap-conseil.fr\/wp-content\/uploads\/2025\/12\/20240117_091710-768x576.jpg 768w, https:\/\/etap-conseil.fr\/wp-content\/uploads\/2025\/12\/20240117_091710-1536x1152.jpg 1536w, https:\/\/etap-conseil.fr\/wp-content\/uploads\/2025\/12\/20240117_091710-2048x1536.jpg 2048w\" sizes=\"(max-width: 706px) 89vw, (max-width: 767px) 82vw, 740px\" \/><figcaption class=\"wp-element-caption\">Intelligence collective<\/figcaption><\/figure>\n\n\n\n<figure class=\"wp-block-image size-full is-style-rounded\"><img loading=\"lazy\" decoding=\"async\" width=\"1169\" height=\"555\" data-id=\"406\" src=\"http:\/\/etap-conseil.fr\/wp-content\/uploads\/2019\/01\/Atelier-gouvernance-OK.png\" alt=\"Gouvernance\" class=\"wp-image-406\" srcset=\"https:\/\/etap-conseil.fr\/wp-content\/uploads\/2019\/01\/Atelier-gouvernance-OK.png 1169w, https:\/\/etap-conseil.fr\/wp-content\/uploads\/2019\/01\/Atelier-gouvernance-OK-300x142.png 300w, https:\/\/etap-conseil.fr\/wp-content\/uploads\/2019\/01\/Atelier-gouvernance-OK-768x365.png 768w, https:\/\/etap-conseil.fr\/wp-content\/uploads\/2019\/01\/Atelier-gouvernance-OK-1024x486.png 1024w\" sizes=\"(max-width: 706px) 89vw, (max-width: 767px) 82vw, 740px\" \/><figcaption class=\"wp-element-caption\">Gouvernance<\/figcaption><\/figure>\n\n\n\n<figure class=\"wp-block-image size-large is-style-rounded\"><img loading=\"lazy\" decoding=\"async\" width=\"1024\" height=\"683\" data-id=\"166\" src=\"https:\/\/etap-conseil.fr\/wp-content\/uploads\/2018\/12\/IMG_0261-1024x683.jpg\" alt=\"Concertation\" class=\"wp-image-166\" srcset=\"https:\/\/etap-conseil.fr\/wp-content\/uploads\/2018\/12\/IMG_0261-1024x683.jpg 1024w, https:\/\/etap-conseil.fr\/wp-content\/uploads\/2018\/12\/IMG_0261-300x200.jpg 300w, https:\/\/etap-conseil.fr\/wp-content\/uploads\/2018\/12\/IMG_0261-768x512.jpg 768w\" sizes=\"(max-width: 706px) 89vw, (max-width: 767px) 82vw, 740px\" \/><figcaption class=\"wp-element-caption\">Concertation<\/figcaption><\/figure>\n<\/figure>\n","protected":false},"excerpt":{"rendered":"<p>Des parcours d&#8217;accompagnement sur mesure Apr\u00e8s \u00e9tude de vos besoins, nous vous proposons une m\u00e9thodologie, des outils et dispositifs d&#8217;intelligence collective adapt\u00e9s \u00e0 vos d\u00e9fis actuels. Nous intervenons dans une logique de transmission et d&#8217;autonomisation, ainsi que de prototypages des premiers changements. Nous intervenons pour appuyer vos d\u00e9marches vers : \u00c9tudes de terrain en dialogue &hellip; <\/p>\n<p class=\"link-more\"><a href=\"https:\/\/etap-conseil.fr\/index.php\/accompagnement-ess\/\" class=\"more-link\">Continue reading<span class=\"screen-reader-text\"> &#8220;Accompagnement&#8221;<\/span><\/a><\/p>\n","protected":false},"author":1,"featured_media":0,"parent":0,"menu_order":0,"comment_status":"closed","ping_status":"closed","template":"","meta":{"footnotes":""},"_links":{"self":[{"href":"https:\/\/etap-conseil.fr\/index.php\/wp-json\/wp\/v2\/pages\/618"}],"collection":[{"href":"https:\/\/etap-conseil.fr\/index.php\/wp-json\/wp\/v2\/pages"}],"about":[{"href":"https:\/\/etap-conseil.fr\/index.php\/wp-json\/wp\/v2\/types\/page"}],"author":[{"embeddable":true,"href":"https:\/\/etap-conseil.fr\/index.php\/wp-json\/wp\/v2\/users\/1"}],"replies":[{"embeddable":true,"href":"https:\/\/etap-conseil.fr\/index.php\/wp-json\/wp\/v2\/comments?post=618"}],"version-history":[{"count":19,"href":"https:\/\/etap-conseil.fr\/index.php\/wp-json\/wp\/v2\/pages\/618\/revisions"}],"predecessor-version":[{"id":733,"href":"https:\/\/etap-conseil.fr\/index.php\/wp-json\/wp\/v2\/pages\/618\/revisions\/733"}],"wp:attachment":[{"href":"https:\/\/etap-conseil.fr\/index.php\/wp-json\/wp\/v2\/media?parent=618"}],"curies":[{"name":"wp","href":"https:\/\/api.w.org\/{rel}","templated":true}]}}