{"id":632,"date":"2025-12-03T13:02:30","date_gmt":"2025-12-03T12:02:30","guid":{"rendered":"https:\/\/etap-conseil.fr\/?page_id=632"},"modified":"2025-12-03T23:40:01","modified_gmt":"2025-12-03T22:40:01","slug":"formation-formaction","status":"publish","type":"page","link":"https:\/\/etap-conseil.fr\/index.php\/formation-formaction\/","title":{"rendered":"Formation"},"content":{"rendered":"\n<h1 class=\"wp-block-heading\">Des form&#8217;actions exp\u00e9rientielles<\/h1>\n\n\n\n<p>Une offre adapt\u00e9e aux collectifs engag\u00e9s dans des d\u00e9marches concr\u00e8tes, en recherche d&#8217;horizontalit\u00e9, et d&#8217;impact social et culturel dans leurs territoires.<\/p>\n\n\n\n<p>Pour associations, collectivit\u00e9s, coop\u00e9ratives, GIE, groupe multi-acteurs&#8230;<\/p>\n\n\n\n<p>Des propositions construites pour \u00eatre op\u00e9rationnelles, nourrir votre culture commune, apporter recul et perspectives, faciliter l&#8217;\u00e9change de pratiques entre pairs, et d\u00e9gager des pistes concr\u00e8tes et personnalis\u00e9es d&#8217;am\u00e9lioration.<\/p>\n\n\n\n<figure class=\"wp-block-embed is-type-wp-embed is-provider-etap-conseil wp-block-embed-etap-conseil\"><div class=\"wp-block-embed__wrapper\">\n<blockquote class=\"wp-embedded-content\" data-secret=\"JF7H0DTH6A\"><a href=\"https:\/\/etap-conseil.fr\/index.php\/consolider-son-modele-socio-economique-ess\/\">Form&#8217;action &#8220;Consolider votre mod\u00e8le socio-\u00e9conomique ESS&#8221;<\/a><\/blockquote><iframe class=\"wp-embedded-content\" sandbox=\"allow-scripts\" security=\"restricted\" style=\"position: absolute; clip: rect(1px, 1px, 1px, 1px);\" title=\"&#8220;Form&#8217;action &#8220;Consolider votre mod\u00e8le socio-\u00e9conomique ESS&#8221;&#8221; &#8212; ETAP conseil\" src=\"https:\/\/etap-conseil.fr\/index.php\/consolider-son-modele-socio-economique-ess\/embed\/#?secret=4l8u83imRa#?secret=JF7H0DTH6A\" data-secret=\"JF7H0DTH6A\" width=\"525\" height=\"296\" frameborder=\"0\" marginwidth=\"0\" marginheight=\"0\" scrolling=\"no\"><\/iframe>\n<\/div><\/figure>\n\n\n\n<figure class=\"wp-block-embed is-type-wp-embed is-provider-etap-conseil wp-block-embed-etap-conseil\"><div class=\"wp-block-embed__wrapper\">\n<blockquote class=\"wp-embedded-content\" data-secret=\"KQFBlCov30\"><a href=\"https:\/\/etap-conseil.fr\/index.php\/formaction-faire-grandir-la-cooperation-dans-vos-equipes\/\">Form&#8217;action &#8220;Faire grandir la coop\u00e9ration dans vos \u00e9quipes&#8221;<\/a><\/blockquote><iframe class=\"wp-embedded-content\" sandbox=\"allow-scripts\" security=\"restricted\" style=\"position: absolute; clip: rect(1px, 1px, 1px, 1px);\" title=\"&#8220;Form&#8217;action &#8220;Faire grandir la coop\u00e9ration dans vos \u00e9quipes&#8221;&#8221; &#8212; ETAP conseil\" src=\"https:\/\/etap-conseil.fr\/index.php\/formaction-faire-grandir-la-cooperation-dans-vos-equipes\/embed\/#?secret=Fj05iOcXoq#?secret=KQFBlCov30\" data-secret=\"KQFBlCov30\" width=\"525\" height=\"296\" frameborder=\"0\" marginwidth=\"0\" marginheight=\"0\" scrolling=\"no\"><\/iframe>\n<\/div><\/figure>\n\n\n\n<figure class=\"wp-block-embed is-type-wp-embed is-provider-etap-conseil wp-block-embed-etap-conseil\"><div class=\"wp-block-embed__wrapper\">\n<blockquote class=\"wp-embedded-content\" data-secret=\"5nnzyZRiUL\"><a href=\"https:\/\/etap-conseil.fr\/index.php\/retrouvez-nos-formactions\/\">Form&#8217;action &#8220;Conduire un diagnostic territorial de fa\u00e7on participative&#8221;<\/a><\/blockquote><iframe class=\"wp-embedded-content\" sandbox=\"allow-scripts\" security=\"restricted\" style=\"position: absolute; clip: rect(1px, 1px, 1px, 1px);\" title=\"&#8220;Form&#8217;action &#8220;Conduire un diagnostic territorial de fa\u00e7on participative&#8221;&#8221; &#8212; ETAP conseil\" src=\"https:\/\/etap-conseil.fr\/index.php\/retrouvez-nos-formactions\/embed\/#?secret=qIAOmYD3Q8#?secret=5nnzyZRiUL\" data-secret=\"5nnzyZRiUL\" width=\"525\" height=\"296\" frameborder=\"0\" marginwidth=\"0\" marginheight=\"0\" scrolling=\"no\"><\/iframe>\n<\/div><\/figure>\n","protected":false},"excerpt":{"rendered":"<p>Des form&#8217;actions exp\u00e9rientielles Une offre adapt\u00e9e aux collectifs engag\u00e9s dans des d\u00e9marches concr\u00e8tes, en recherche d&#8217;horizontalit\u00e9, et d&#8217;impact social et culturel dans leurs territoires. Pour associations, collectivit\u00e9s, coop\u00e9ratives, GIE, groupe multi-acteurs&#8230; Des propositions construites pour \u00eatre op\u00e9rationnelles, nourrir votre culture commune, apporter recul et perspectives, faciliter l&#8217;\u00e9change de pratiques entre pairs, et d\u00e9gager des pistes &hellip; <\/p>\n<p class=\"link-more\"><a href=\"https:\/\/etap-conseil.fr\/index.php\/formation-formaction\/\" class=\"more-link\">Continue reading<span class=\"screen-reader-text\"> &#8220;Formation&#8221;<\/span><\/a><\/p>\n","protected":false},"author":1,"featured_media":0,"parent":0,"menu_order":0,"comment_status":"closed","ping_status":"closed","template":"","meta":{"footnotes":""},"_links":{"self":[{"href":"https:\/\/etap-conseil.fr\/index.php\/wp-json\/wp\/v2\/pages\/632"}],"collection":[{"href":"https:\/\/etap-conseil.fr\/index.php\/wp-json\/wp\/v2\/pages"}],"about":[{"href":"https:\/\/etap-conseil.fr\/index.php\/wp-json\/wp\/v2\/types\/page"}],"author":[{"embeddable":true,"href":"https:\/\/etap-conseil.fr\/index.php\/wp-json\/wp\/v2\/users\/1"}],"replies":[{"embeddable":true,"href":"https:\/\/etap-conseil.fr\/index.php\/wp-json\/wp\/v2\/comments?post=632"}],"version-history":[{"count":13,"href":"https:\/\/etap-conseil.fr\/index.php\/wp-json\/wp\/v2\/pages\/632\/revisions"}],"predecessor-version":[{"id":714,"href":"https:\/\/etap-conseil.fr\/index.php\/wp-json\/wp\/v2\/pages\/632\/revisions\/714"}],"wp:attachment":[{"href":"https:\/\/etap-conseil.fr\/index.php\/wp-json\/wp\/v2\/media?parent=632"}],"curies":[{"name":"wp","href":"https:\/\/api.w.org\/{rel}","templated":true}]}}