{"id":675,"date":"2025-12-03T22:49:28","date_gmt":"2025-12-03T21:49:28","guid":{"rendered":"https:\/\/etap-conseil.fr\/?page_id=675"},"modified":"2026-02-03T16:14:57","modified_gmt":"2026-02-03T15:14:57","slug":"nos-interventions-2","status":"publish","type":"page","link":"https:\/\/etap-conseil.fr\/index.php\/nos-interventions-2\/","title":{"rendered":"Interventions et r\u00e9f\u00e9rences"},"content":{"rendered":"\n<h1 class=\"wp-block-heading\">Des interventions tiss\u00e9es mains, au service de l&#8217;agilit\u00e9, la robustesse et l&#8217;innovation des vos projets<\/h1>\n\n\n\n<h2 class=\"wp-block-heading\">Un appui pragmatique, tourn\u00e9 vers l&#8217;op\u00e9rationnalit\u00e9<\/h2>\n\n\n\n<p>Une offre adapt\u00e9e aux collectifs engag\u00e9s dans des d\u00e9marches concr\u00e8tes, en recherche d&#8217;horizontalit\u00e9 et d&#8217;impact social et culturel dans leurs territoires. <\/p>\n\n\n\n<p>Associations, Collectivit\u00e9s, Coop\u00e9ratives, GIE, &#8230; Habitants, groupe multi-acteurs&#8230;<\/p>\n\n\n\n<div class=\"wp-block-group\"><div class=\"wp-block-group__inner-container is-layout-constrained wp-block-group-is-layout-constrained\">\n<div class=\"wp-block-group\"><div class=\"wp-block-group__inner-container is-layout-constrained wp-block-group-is-layout-constrained\">\n<figure class=\"wp-block-embed is-type-wp-embed is-provider-etap-conseil wp-block-embed-etap-conseil\"><div class=\"wp-block-embed__wrapper\">\n<blockquote class=\"wp-embedded-content\" data-secret=\"H4WDql68RI\"><a href=\"https:\/\/etap-conseil.fr\/index.php\/accompagnement-ess\/\">Accompagnement<\/a><\/blockquote><iframe class=\"wp-embedded-content\" sandbox=\"allow-scripts\" security=\"restricted\" style=\"position: absolute; clip: rect(1px, 1px, 1px, 1px);\" title=\"&#8220;Accompagnement&#8221; &#8212; ETAP conseil\" src=\"https:\/\/etap-conseil.fr\/index.php\/accompagnement-ess\/embed\/#?secret=aWUwxjzmI7#?secret=H4WDql68RI\" data-secret=\"H4WDql68RI\" width=\"525\" height=\"296\" frameborder=\"0\" marginwidth=\"0\" marginheight=\"0\" scrolling=\"no\"><\/iframe>\n<\/div><\/figure>\n<\/div><\/div>\n<\/div><\/div>\n\n\n\n<div class=\"wp-block-group\"><div class=\"wp-block-group__inner-container is-layout-constrained wp-block-group-is-layout-constrained\">\n<div class=\"wp-block-group\"><div class=\"wp-block-group__inner-container is-layout-constrained wp-block-group-is-layout-constrained\">\n<figure class=\"wp-block-embed is-type-wp-embed is-provider-etap-conseil wp-block-embed-etap-conseil\"><div class=\"wp-block-embed__wrapper\">\n<blockquote class=\"wp-embedded-content\" data-secret=\"1HR9FwitTa\"><a href=\"https:\/\/etap-conseil.fr\/index.php\/formation-formaction\/\">Formation<\/a><\/blockquote><iframe class=\"wp-embedded-content\" sandbox=\"allow-scripts\" security=\"restricted\" style=\"position: absolute; clip: rect(1px, 1px, 1px, 1px);\" title=\"&#8220;Formation&#8221; &#8212; ETAP conseil\" src=\"https:\/\/etap-conseil.fr\/index.php\/formation-formaction\/embed\/#?secret=zhum27cieY#?secret=1HR9FwitTa\" data-secret=\"1HR9FwitTa\" width=\"525\" height=\"296\" frameborder=\"0\" marginwidth=\"0\" marginheight=\"0\" scrolling=\"no\"><\/iframe>\n<\/div><\/figure>\n<\/div><\/div>\n<\/div><\/div>\n\n\n\n<div class=\"wp-block-group\"><div class=\"wp-block-group__inner-container is-layout-constrained wp-block-group-is-layout-constrained\"><\/div><\/div>\n","protected":false},"excerpt":{"rendered":"<p>Des interventions tiss\u00e9es mains, au service de l&#8217;agilit\u00e9, la robustesse et l&#8217;innovation des vos projets Un appui pragmatique, tourn\u00e9 vers l&#8217;op\u00e9rationnalit\u00e9 Une offre adapt\u00e9e aux collectifs engag\u00e9s dans des d\u00e9marches concr\u00e8tes, en recherche d&#8217;horizontalit\u00e9 et d&#8217;impact social et culturel dans leurs territoires. Associations, Collectivit\u00e9s, Coop\u00e9ratives, GIE, &#8230; Habitants, groupe multi-acteurs&#8230;<\/p>\n","protected":false},"author":1,"featured_media":0,"parent":0,"menu_order":0,"comment_status":"closed","ping_status":"closed","template":"","meta":{"footnotes":""},"_links":{"self":[{"href":"https:\/\/etap-conseil.fr\/index.php\/wp-json\/wp\/v2\/pages\/675"}],"collection":[{"href":"https:\/\/etap-conseil.fr\/index.php\/wp-json\/wp\/v2\/pages"}],"about":[{"href":"https:\/\/etap-conseil.fr\/index.php\/wp-json\/wp\/v2\/types\/page"}],"author":[{"embeddable":true,"href":"https:\/\/etap-conseil.fr\/index.php\/wp-json\/wp\/v2\/users\/1"}],"replies":[{"embeddable":true,"href":"https:\/\/etap-conseil.fr\/index.php\/wp-json\/wp\/v2\/comments?post=675"}],"version-history":[{"count":7,"href":"https:\/\/etap-conseil.fr\/index.php\/wp-json\/wp\/v2\/pages\/675\/revisions"}],"predecessor-version":[{"id":738,"href":"https:\/\/etap-conseil.fr\/index.php\/wp-json\/wp\/v2\/pages\/675\/revisions\/738"}],"wp:attachment":[{"href":"https:\/\/etap-conseil.fr\/index.php\/wp-json\/wp\/v2\/media?parent=675"}],"curies":[{"name":"wp","href":"https:\/\/api.w.org\/{rel}","templated":true}]}}