{"id":687,"date":"2025-12-03T23:13:33","date_gmt":"2025-12-03T22:13:33","guid":{"rendered":"https:\/\/etap-conseil.fr\/?page_id=687"},"modified":"2025-12-03T23:37:42","modified_gmt":"2025-12-03T22:37:42","slug":"consolider-son-modele-socio-economique-ess","status":"publish","type":"page","link":"https:\/\/etap-conseil.fr\/index.php\/consolider-son-modele-socio-economique-ess\/","title":{"rendered":"Form&#8217;action &#8220;Consolider votre mod\u00e8le socio-\u00e9conomique ESS&#8221;"},"content":{"rendered":"\n<p>Voir <a href=\"http:\/\/etap-conseil.fr\/wp-content\/uploads\/2025\/12\/Bardot-Teissier-FormAction-MSE_V4_mai-25.pdf\" target=\"_blank\" rel=\"noreferrer noopener\">plaquette<\/a><\/p>\n\n\n<div class=\"wp-block-image is-style-default\">\n<figure class=\"alignright size-large is-resized\"><img loading=\"lazy\" decoding=\"async\" width=\"908\" height=\"1024\" src=\"http:\/\/etap-conseil.fr\/wp-content\/uploads\/2025\/12\/Marguerite-8-leviers_seule-copie-OK-908x1024.png\" alt=\"8 leviers pour consolider son mod\u00e8le socio-\u00e9conomique\" class=\"wp-image-711\" style=\"width:184px;height:auto\" srcset=\"https:\/\/etap-conseil.fr\/wp-content\/uploads\/2025\/12\/Marguerite-8-leviers_seule-copie-OK-908x1024.png 908w, https:\/\/etap-conseil.fr\/wp-content\/uploads\/2025\/12\/Marguerite-8-leviers_seule-copie-OK-266x300.png 266w, https:\/\/etap-conseil.fr\/wp-content\/uploads\/2025\/12\/Marguerite-8-leviers_seule-copie-OK-768x867.png 768w, https:\/\/etap-conseil.fr\/wp-content\/uploads\/2025\/12\/Marguerite-8-leviers_seule-copie-OK.png 1200w\" sizes=\"(max-width: 706px) 89vw, (max-width: 767px) 82vw, 740px\" \/><figcaption class=\"wp-element-caption\">8 leviers pour consolider son mod\u00e8le socio-\u00e9conomique<\/figcaption><\/figure><\/div>\n\n\n<p>Une formation, d\u00e9ploy\u00e9e en 2023 avec Florence Bardot, qui s\u2019appuie sur notre &#8220;m\u00e9thode des 8 leviers&#8221; originale, con\u00e7ue \u00e0 partir de travaux de recherche et de nos exp\u00e9riences de consultante.<\/p>\n\n\n\n<p>La formation s&#8217;adresse soit aux associations d&#8217;un m\u00eame territoire, soit aux associations d&#8217;un m\u00eame r\u00e9seau associatif (avec un effet positif sur la dynamique de mutualisation).<\/p>\n\n\n\n<p>R\u00e9f\u00e9rences : VRAC, UGESS, DLA34, FADEAR<\/p>\n\n\n\n<figure class=\"wp-block-gallery has-nested-images columns-default is-cropped wp-block-gallery-1 is-layout-flex wp-block-gallery-is-layout-flex\">\n<figure class=\"wp-block-image size-large is-style-rounded\"><img loading=\"lazy\" decoding=\"async\" width=\"768\" height=\"1024\" data-id=\"601\" src=\"https:\/\/etap-conseil.fr\/wp-content\/uploads\/2025\/12\/8-leviers_1-768x1024.jpg\" alt=\"8 leviers pour consolider son MSE\" class=\"wp-image-601\" srcset=\"https:\/\/etap-conseil.fr\/wp-content\/uploads\/2025\/12\/8-leviers_1-768x1024.jpg 768w, https:\/\/etap-conseil.fr\/wp-content\/uploads\/2025\/12\/8-leviers_1-225x300.jpg 225w, https:\/\/etap-conseil.fr\/wp-content\/uploads\/2025\/12\/8-leviers_1-1152x1536.jpg 1152w, https:\/\/etap-conseil.fr\/wp-content\/uploads\/2025\/12\/8-leviers_1-1536x2048.jpg 1536w, https:\/\/etap-conseil.fr\/wp-content\/uploads\/2025\/12\/8-leviers_1-scaled.jpg 1920w\" sizes=\"(max-width: 706px) 89vw, (max-width: 767px) 82vw, 740px\" \/><\/figure>\n\n\n\n<figure class=\"wp-block-image size-large is-style-rounded\"><img loading=\"lazy\" decoding=\"async\" width=\"768\" height=\"1024\" data-id=\"606\" src=\"https:\/\/etap-conseil.fr\/wp-content\/uploads\/2025\/12\/20250312_155226-768x1024.jpg\" alt=\"Acculturation salari\u00e9.e\/admin\" class=\"wp-image-606\" srcset=\"https:\/\/etap-conseil.fr\/wp-content\/uploads\/2025\/12\/20250312_155226-768x1024.jpg 768w, https:\/\/etap-conseil.fr\/wp-content\/uploads\/2025\/12\/20250312_155226-225x300.jpg 225w, https:\/\/etap-conseil.fr\/wp-content\/uploads\/2025\/12\/20250312_155226-1152x1536.jpg 1152w, https:\/\/etap-conseil.fr\/wp-content\/uploads\/2025\/12\/20250312_155226-1536x2048.jpg 1536w, https:\/\/etap-conseil.fr\/wp-content\/uploads\/2025\/12\/20250312_155226-scaled.jpg 1920w\" sizes=\"(max-width: 706px) 89vw, (max-width: 767px) 82vw, 740px\" \/><figcaption class=\"wp-element-caption\">Acculturation salari\u00e9.e\/admin<\/figcaption><\/figure>\n\n\n\n<figure class=\"wp-block-image size-large is-style-rounded\"><img loading=\"lazy\" decoding=\"async\" width=\"1024\" height=\"768\" data-id=\"602\" src=\"https:\/\/etap-conseil.fr\/wp-content\/uploads\/2025\/12\/Groupe-2-1024x768.jpg\" alt=\"Analyser son MSE\" class=\"wp-image-602\" srcset=\"https:\/\/etap-conseil.fr\/wp-content\/uploads\/2025\/12\/Groupe-2-1024x768.jpg 1024w, https:\/\/etap-conseil.fr\/wp-content\/uploads\/2025\/12\/Groupe-2-300x225.jpg 300w, https:\/\/etap-conseil.fr\/wp-content\/uploads\/2025\/12\/Groupe-2-768x576.jpg 768w, https:\/\/etap-conseil.fr\/wp-content\/uploads\/2025\/12\/Groupe-2-1536x1152.jpg 1536w, https:\/\/etap-conseil.fr\/wp-content\/uploads\/2025\/12\/Groupe-2-2048x1536.jpg 2048w\" sizes=\"(max-width: 706px) 89vw, (max-width: 767px) 82vw, 740px\" \/><figcaption class=\"wp-element-caption\">Analyser son MSE<\/figcaption><\/figure>\n\n\n\n<figure class=\"wp-block-image size-large is-style-rounded\"><img loading=\"lazy\" decoding=\"async\" width=\"1024\" height=\"768\" data-id=\"604\" src=\"https:\/\/etap-conseil.fr\/wp-content\/uploads\/2025\/12\/Groupe-22-1024x768.jpg\" alt=\"R\u00e9flexion strat\u00e9gique\" class=\"wp-image-604\" srcset=\"https:\/\/etap-conseil.fr\/wp-content\/uploads\/2025\/12\/Groupe-22-1024x768.jpg 1024w, https:\/\/etap-conseil.fr\/wp-content\/uploads\/2025\/12\/Groupe-22-300x225.jpg 300w, https:\/\/etap-conseil.fr\/wp-content\/uploads\/2025\/12\/Groupe-22-768x576.jpg 768w, https:\/\/etap-conseil.fr\/wp-content\/uploads\/2025\/12\/Groupe-22-1536x1152.jpg 1536w, https:\/\/etap-conseil.fr\/wp-content\/uploads\/2025\/12\/Groupe-22-2048x1536.jpg 2048w\" sizes=\"(max-width: 706px) 89vw, (max-width: 767px) 82vw, 740px\" \/><figcaption class=\"wp-element-caption\">R\u00e9flexion strat\u00e9gique<\/figcaption><\/figure>\n\n\n\n<figure class=\"wp-block-image size-large is-style-rounded\"><img loading=\"lazy\" decoding=\"async\" width=\"1024\" height=\"768\" data-id=\"605\" src=\"https:\/\/etap-conseil.fr\/wp-content\/uploads\/2025\/12\/20250312_102533-1024x768.jpg\" alt=\"Co-d\u00e9veloppement\" class=\"wp-image-605\" srcset=\"https:\/\/etap-conseil.fr\/wp-content\/uploads\/2025\/12\/20250312_102533-1024x768.jpg 1024w, https:\/\/etap-conseil.fr\/wp-content\/uploads\/2025\/12\/20250312_102533-300x225.jpg 300w, https:\/\/etap-conseil.fr\/wp-content\/uploads\/2025\/12\/20250312_102533-768x576.jpg 768w, https:\/\/etap-conseil.fr\/wp-content\/uploads\/2025\/12\/20250312_102533-1536x1152.jpg 1536w, https:\/\/etap-conseil.fr\/wp-content\/uploads\/2025\/12\/20250312_102533-2048x1536.jpg 2048w\" sizes=\"(max-width: 706px) 89vw, (max-width: 767px) 82vw, 740px\" \/><figcaption class=\"wp-element-caption\">Co-d\u00e9veloppement<\/figcaption><\/figure>\n\n\n\n<figure class=\"wp-block-image size-large is-style-rounded\"><img loading=\"lazy\" decoding=\"async\" width=\"1024\" height=\"768\" data-id=\"603\" src=\"https:\/\/etap-conseil.fr\/wp-content\/uploads\/2025\/12\/Groupe-16-1024x768.jpg\" alt=\"Prioriser les possibles\" class=\"wp-image-603\" srcset=\"https:\/\/etap-conseil.fr\/wp-content\/uploads\/2025\/12\/Groupe-16-1024x768.jpg 1024w, https:\/\/etap-conseil.fr\/wp-content\/uploads\/2025\/12\/Groupe-16-300x225.jpg 300w, https:\/\/etap-conseil.fr\/wp-content\/uploads\/2025\/12\/Groupe-16-768x576.jpg 768w, https:\/\/etap-conseil.fr\/wp-content\/uploads\/2025\/12\/Groupe-16-1536x1152.jpg 1536w, https:\/\/etap-conseil.fr\/wp-content\/uploads\/2025\/12\/Groupe-16-2048x1536.jpg 2048w\" sizes=\"(max-width: 706px) 89vw, (max-width: 767px) 82vw, 740px\" \/><figcaption class=\"wp-element-caption\">Prioriser les possibles<\/figcaption><\/figure>\n<\/figure>\n\n\n\n<p class=\"has-text-align-right\"><\/p>\n\n\n\n<h3 class=\"wp-block-heading has-text-align-right\">Retrouvez <a href=\"https:\/\/etap-conseil.fr\/index.php\/formation-formaction\/\">Nos form&#8217;actions<\/a><\/h3>\n","protected":false},"excerpt":{"rendered":"<p>Voir plaquette Une formation, d\u00e9ploy\u00e9e en 2023 avec Florence Bardot, qui s\u2019appuie sur notre &#8220;m\u00e9thode des 8 leviers&#8221; originale, con\u00e7ue \u00e0 partir de travaux de recherche et de nos exp\u00e9riences de consultante. La formation s&#8217;adresse soit aux associations d&#8217;un m\u00eame territoire, soit aux associations d&#8217;un m\u00eame r\u00e9seau associatif (avec un effet positif sur la dynamique &hellip; <\/p>\n<p class=\"link-more\"><a href=\"https:\/\/etap-conseil.fr\/index.php\/consolider-son-modele-socio-economique-ess\/\" class=\"more-link\">Continue reading<span class=\"screen-reader-text\"> &#8220;Form&#8217;action &#8220;Consolider votre mod\u00e8le socio-\u00e9conomique ESS&#8221;&#8221;<\/span><\/a><\/p>\n","protected":false},"author":1,"featured_media":0,"parent":0,"menu_order":0,"comment_status":"closed","ping_status":"closed","template":"","meta":{"footnotes":""},"_links":{"self":[{"href":"https:\/\/etap-conseil.fr\/index.php\/wp-json\/wp\/v2\/pages\/687"}],"collection":[{"href":"https:\/\/etap-conseil.fr\/index.php\/wp-json\/wp\/v2\/pages"}],"about":[{"href":"https:\/\/etap-conseil.fr\/index.php\/wp-json\/wp\/v2\/types\/page"}],"author":[{"embeddable":true,"href":"https:\/\/etap-conseil.fr\/index.php\/wp-json\/wp\/v2\/users\/1"}],"replies":[{"embeddable":true,"href":"https:\/\/etap-conseil.fr\/index.php\/wp-json\/wp\/v2\/comments?post=687"}],"version-history":[{"count":6,"href":"https:\/\/etap-conseil.fr\/index.php\/wp-json\/wp\/v2\/pages\/687\/revisions"}],"predecessor-version":[{"id":712,"href":"https:\/\/etap-conseil.fr\/index.php\/wp-json\/wp\/v2\/pages\/687\/revisions\/712"}],"wp:attachment":[{"href":"https:\/\/etap-conseil.fr\/index.php\/wp-json\/wp\/v2\/media?parent=687"}],"curies":[{"name":"wp","href":"https:\/\/api.w.org\/{rel}","templated":true}]}}