{"id":697,"date":"2025-12-03T23:22:18","date_gmt":"2025-12-03T22:22:18","guid":{"rendered":"https:\/\/etap-conseil.fr\/?page_id=697"},"modified":"2026-04-10T16:12:57","modified_gmt":"2026-04-10T14:12:57","slug":"formaction-faire-grandir-la-cooperation-dans-vos-equipes","status":"publish","type":"page","link":"https:\/\/etap-conseil.fr\/index.php\/formaction-faire-grandir-la-cooperation-dans-vos-equipes\/","title":{"rendered":"Form&#8217;action &#8220;Renforcer la coop\u00e9ration dans vos collectifs&#8221;"},"content":{"rendered":"\n<p>voir <a href=\"http:\/\/etap-conseil.fr\/wp-content\/uploads\/2026\/04\/Teissier-Marine_FormActioncooperer_V2.pdf\" data-type=\"link\" data-id=\"http:\/\/etap-conseil.fr\/wp-content\/uploads\/2025\/12\/Teissier-Marine_FormAction_COOPERATION_V1.pdf\">plaquette<\/a><\/p>\n\n\n\n<p>Une formation d\u00e9ploy\u00e9e en 2025 croisant les approches et outils d&#8217;Instant Z, Percolab,  Animacoop, (&#8230;) et les outils que j&#8217;ai pu d\u00e9velopper en accompagnant des collectifs (associations, collectivit\u00e9s territoriales, GIE, coop\u00e9ratives&#8230;).<\/p>\n\n\n\n<p>Une formation adapt\u00e9e soit aux acteurs d&#8217;un m\u00eame territoire amen\u00e9s \u00e0 coop\u00e9rer ensemble, soit, sous un format beaucoup plus appliqu\u00e9, \u00e0 un collectif\/\u00e9quipe\/organisation.<\/p>\n\n\n\n<p>Une approche p\u00e9dagogique par l&#8217;exp\u00e9rimentation au travers de jeux de r\u00f4le, th\u00e9\u00e2tre image, \u00e9chelles de positionnement, d\u00e9bat mouvant&#8230; l&#8217;\u00e9ducation populaire et le th\u00e9\u00e2tre au service des apprentissages pragmatiques.<\/p>\n\n\n\n<p>R\u00e9f\u00e9rences : Filature du Mazel (mars 2026)<\/p>\n\n\n\n<figure class=\"wp-block-gallery has-nested-images columns-default is-cropped wp-block-gallery-1 is-layout-flex wp-block-gallery-is-layout-flex\">\n<figure class=\"wp-block-image size-large is-style-rounded\"><img loading=\"lazy\" decoding=\"async\" width=\"1024\" height=\"703\" data-id=\"609\" src=\"https:\/\/etap-conseil.fr\/wp-content\/uploads\/2025\/12\/S1-valeurs-1024x703.jpg\" alt=\"Valeurs partag\u00e9es\" class=\"wp-image-609\" srcset=\"https:\/\/etap-conseil.fr\/wp-content\/uploads\/2025\/12\/S1-valeurs-1024x703.jpg 1024w, https:\/\/etap-conseil.fr\/wp-content\/uploads\/2025\/12\/S1-valeurs-300x206.jpg 300w, https:\/\/etap-conseil.fr\/wp-content\/uploads\/2025\/12\/S1-valeurs-768x527.jpg 768w, https:\/\/etap-conseil.fr\/wp-content\/uploads\/2025\/12\/S1-valeurs-1536x1054.jpg 1536w, https:\/\/etap-conseil.fr\/wp-content\/uploads\/2025\/12\/S1-valeurs-2048x1405.jpg 2048w\" sizes=\"(max-width: 706px) 89vw, (max-width: 767px) 82vw, 740px\" \/><figcaption class=\"wp-element-caption\">Valeurs communes<\/figcaption><\/figure>\n\n\n\n<figure class=\"wp-block-image size-large is-style-rounded\"><img loading=\"lazy\" decoding=\"async\" width=\"356\" height=\"175\" data-id=\"639\" src=\"https:\/\/etap-conseil.fr\/wp-content\/uploads\/2025\/12\/ma-place-auj.png\" alt=\"\" class=\"wp-image-639\" srcset=\"https:\/\/etap-conseil.fr\/wp-content\/uploads\/2025\/12\/ma-place-auj.png 356w, https:\/\/etap-conseil.fr\/wp-content\/uploads\/2025\/12\/ma-place-auj-300x147.png 300w\" sizes=\"(max-width: 356px) 100vw, 356px\" \/><figcaption class=\"wp-element-caption\">Place ressentie<\/figcaption><\/figure>\n\n\n\n<figure class=\"wp-block-image size-large is-style-rounded\"><img loading=\"lazy\" decoding=\"async\" width=\"326\" height=\"237\" data-id=\"640\" src=\"https:\/\/etap-conseil.fr\/wp-content\/uploads\/2025\/12\/ma-place-demain.png\" alt=\"\" class=\"wp-image-640\" srcset=\"https:\/\/etap-conseil.fr\/wp-content\/uploads\/2025\/12\/ma-place-demain.png 326w, https:\/\/etap-conseil.fr\/wp-content\/uploads\/2025\/12\/ma-place-demain-300x218.png 300w\" sizes=\"(max-width: 326px) 100vw, 326px\" \/><figcaption class=\"wp-element-caption\">Place souhait\u00e9e<\/figcaption><\/figure>\n\n\n\n<figure class=\"wp-block-image size-large is-style-rounded\"><img loading=\"lazy\" decoding=\"async\" width=\"1003\" height=\"583\" data-id=\"614\" src=\"https:\/\/etap-conseil.fr\/wp-content\/uploads\/2025\/12\/IMG-20240118-WA0015.jpg\" alt=\"Savoir \u00eatre coop\u00e9ratifs\" class=\"wp-image-614\" srcset=\"https:\/\/etap-conseil.fr\/wp-content\/uploads\/2025\/12\/IMG-20240118-WA0015.jpg 1003w, https:\/\/etap-conseil.fr\/wp-content\/uploads\/2025\/12\/IMG-20240118-WA0015-300x174.jpg 300w, https:\/\/etap-conseil.fr\/wp-content\/uploads\/2025\/12\/IMG-20240118-WA0015-768x446.jpg 768w\" sizes=\"(max-width: 706px) 89vw, (max-width: 767px) 82vw, 740px\" \/><figcaption class=\"wp-element-caption\">Savoir \u00eatre coop\u00e9ratifs<\/figcaption><\/figure>\n\n\n\n<figure class=\"wp-block-image size-large is-style-rounded\"><img loading=\"lazy\" decoding=\"async\" width=\"995\" height=\"440\" data-id=\"613\" src=\"https:\/\/etap-conseil.fr\/wp-content\/uploads\/2025\/12\/IMG-20240118-WA0014.jpg\" alt=\"Modes de d\u00e9cision\" class=\"wp-image-613\" srcset=\"https:\/\/etap-conseil.fr\/wp-content\/uploads\/2025\/12\/IMG-20240118-WA0014.jpg 995w, https:\/\/etap-conseil.fr\/wp-content\/uploads\/2025\/12\/IMG-20240118-WA0014-300x133.jpg 300w, https:\/\/etap-conseil.fr\/wp-content\/uploads\/2025\/12\/IMG-20240118-WA0014-768x340.jpg 768w\" sizes=\"(max-width: 706px) 89vw, (max-width: 767px) 82vw, 740px\" \/><figcaption class=\"wp-element-caption\">D\u00e9cider &#8220;debout&#8221;<\/figcaption><\/figure>\n\n\n\n<figure class=\"wp-block-image size-large is-style-rounded\"><img loading=\"lazy\" decoding=\"async\" width=\"1024\" height=\"768\" data-id=\"612\" src=\"https:\/\/etap-conseil.fr\/wp-content\/uploads\/2025\/12\/20240117_091710-1024x768.jpg\" alt=\"Intelligence collective\" class=\"wp-image-612\" srcset=\"https:\/\/etap-conseil.fr\/wp-content\/uploads\/2025\/12\/20240117_091710-1024x768.jpg 1024w, https:\/\/etap-conseil.fr\/wp-content\/uploads\/2025\/12\/20240117_091710-300x225.jpg 300w, https:\/\/etap-conseil.fr\/wp-content\/uploads\/2025\/12\/20240117_091710-768x576.jpg 768w, https:\/\/etap-conseil.fr\/wp-content\/uploads\/2025\/12\/20240117_091710-1536x1152.jpg 1536w, https:\/\/etap-conseil.fr\/wp-content\/uploads\/2025\/12\/20240117_091710-2048x1536.jpg 2048w\" sizes=\"(max-width: 706px) 89vw, (max-width: 767px) 82vw, 740px\" \/><figcaption class=\"wp-element-caption\">Intelligence collective<\/figcaption><\/figure>\n<\/figure>\n\n\n\n<h2 class=\"wp-block-heading has-text-align-right\">Retrouvez <a href=\"https:\/\/etap-conseil.fr\/index.php\/formation-formaction\/\">Nos form&#8217;actions<\/a><\/h2>\n","protected":false},"excerpt":{"rendered":"<p>voir plaquette Une formation d\u00e9ploy\u00e9e en 2025 croisant les approches et outils d&#8217;Instant Z, Percolab, Animacoop, (&#8230;) et les outils que j&#8217;ai pu d\u00e9velopper en accompagnant des collectifs (associations, collectivit\u00e9s territoriales, GIE, coop\u00e9ratives&#8230;). Une formation adapt\u00e9e soit aux acteurs d&#8217;un m\u00eame territoire amen\u00e9s \u00e0 coop\u00e9rer ensemble, soit, sous un format beaucoup plus appliqu\u00e9, \u00e0 un &hellip; <\/p>\n<p class=\"link-more\"><a href=\"https:\/\/etap-conseil.fr\/index.php\/formaction-faire-grandir-la-cooperation-dans-vos-equipes\/\" class=\"more-link\">Continue reading<span class=\"screen-reader-text\"> &#8220;Form&#8217;action &#8220;Renforcer la coop\u00e9ration dans vos collectifs&#8221;&#8221;<\/span><\/a><\/p>\n","protected":false},"author":1,"featured_media":0,"parent":0,"menu_order":0,"comment_status":"closed","ping_status":"closed","template":"","meta":{"footnotes":""},"_links":{"self":[{"href":"https:\/\/etap-conseil.fr\/index.php\/wp-json\/wp\/v2\/pages\/697"}],"collection":[{"href":"https:\/\/etap-conseil.fr\/index.php\/wp-json\/wp\/v2\/pages"}],"about":[{"href":"https:\/\/etap-conseil.fr\/index.php\/wp-json\/wp\/v2\/types\/page"}],"author":[{"embeddable":true,"href":"https:\/\/etap-conseil.fr\/index.php\/wp-json\/wp\/v2\/users\/1"}],"replies":[{"embeddable":true,"href":"https:\/\/etap-conseil.fr\/index.php\/wp-json\/wp\/v2\/comments?post=697"}],"version-history":[{"count":6,"href":"https:\/\/etap-conseil.fr\/index.php\/wp-json\/wp\/v2\/pages\/697\/revisions"}],"predecessor-version":[{"id":748,"href":"https:\/\/etap-conseil.fr\/index.php\/wp-json\/wp\/v2\/pages\/697\/revisions\/748"}],"wp:attachment":[{"href":"https:\/\/etap-conseil.fr\/index.php\/wp-json\/wp\/v2\/media?parent=697"}],"curies":[{"name":"wp","href":"https:\/\/api.w.org\/{rel}","templated":true}]}}