{"id":704,"date":"2025-12-03T23:25:30","date_gmt":"2025-12-03T22:25:30","guid":{"rendered":"https:\/\/etap-conseil.fr\/?page_id=704"},"modified":"2025-12-03T23:42:06","modified_gmt":"2025-12-03T22:42:06","slug":"retrouvez-nos-formactions","status":"publish","type":"page","link":"https:\/\/etap-conseil.fr\/index.php\/retrouvez-nos-formactions\/","title":{"rendered":"Form&#8217;action &#8220;Conduire un diagnostic territorial participatif&#8221;"},"content":{"rendered":"\n<p>Sur demande<\/p>\n\n\n\n<p>Des modules et travaux pratiques pens\u00e9s pour servir aux \u00e9tudiants, et servir \u00e0 la r\u00e9alisation d&#8217;un projet collectif concret <\/p>\n\n\n\n<p>Transmission des r\u00e9f\u00e9rences, \u00e9tapes, outils et posture n\u00e9cessaires \u00e0 la conduite collective d&#8217;un diagnostic territorial, sur une question sociale, socio-\u00e9conomique, alimentaire&#8230;<\/p>\n\n\n\n<p>R\u00e9f\u00e9rences : ETSUP, IRTS Montpellier<\/p>\n\n\n\n<h3 class=\"wp-block-heading has-text-align-right\">Retrouvez <a href=\"https:\/\/etap-conseil.fr\/index.php\/formation-formaction\/\">Nos form&#8217;actions<\/a><\/h3>\n","protected":false},"excerpt":{"rendered":"<p>Sur demande Des modules et travaux pratiques pens\u00e9s pour servir aux \u00e9tudiants, et servir \u00e0 la r\u00e9alisation d&#8217;un projet collectif concret Transmission des r\u00e9f\u00e9rences, \u00e9tapes, outils et posture n\u00e9cessaires \u00e0 la conduite collective d&#8217;un diagnostic territorial, sur une question sociale, socio-\u00e9conomique, alimentaire&#8230; R\u00e9f\u00e9rences : ETSUP, IRTS Montpellier Retrouvez Nos form&#8217;actions<\/p>\n","protected":false},"author":1,"featured_media":0,"parent":0,"menu_order":0,"comment_status":"closed","ping_status":"closed","template":"","meta":{"footnotes":""},"_links":{"self":[{"href":"https:\/\/etap-conseil.fr\/index.php\/wp-json\/wp\/v2\/pages\/704"}],"collection":[{"href":"https:\/\/etap-conseil.fr\/index.php\/wp-json\/wp\/v2\/pages"}],"about":[{"href":"https:\/\/etap-conseil.fr\/index.php\/wp-json\/wp\/v2\/types\/page"}],"author":[{"embeddable":true,"href":"https:\/\/etap-conseil.fr\/index.php\/wp-json\/wp\/v2\/users\/1"}],"replies":[{"embeddable":true,"href":"https:\/\/etap-conseil.fr\/index.php\/wp-json\/wp\/v2\/comments?post=704"}],"version-history":[{"count":4,"href":"https:\/\/etap-conseil.fr\/index.php\/wp-json\/wp\/v2\/pages\/704\/revisions"}],"predecessor-version":[{"id":718,"href":"https:\/\/etap-conseil.fr\/index.php\/wp-json\/wp\/v2\/pages\/704\/revisions\/718"}],"wp:attachment":[{"href":"https:\/\/etap-conseil.fr\/index.php\/wp-json\/wp\/v2\/media?parent=704"}],"curies":[{"name":"wp","href":"https:\/\/api.w.org\/{rel}","templated":true}]}}